{"id":23821,"date":"2025-07-13T09:15:18","date_gmt":"2025-07-13T07:15:18","guid":{"rendered":"https:\/\/azbukum4.connections.rs\/?post_type=product&#038;p=23821"},"modified":"2025-07-15T14:56:36","modified_gmt":"2025-07-15T12:56:36","slug":"ucimo-srpski-2-e-book-and-online-program","status":"publish","type":"product","link":"https:\/\/azbukum4.connections.rs\/en\/product\/ucimo-srpski-2-e-book-and-online-program\/","title":{"rendered":"U\u010dimo srpski 2 e-book and Online Program"},"content":{"rendered":"","protected":false},"excerpt":{"rendered":"<p id=\"tw-target-text\" class=\"tw-data-text tw-text-large tw-ta\" dir=\"ltr\" data-placeholder=\"Prevod\" data-ved=\"2ahUKEwi-39nFp7mOAxWV_gIHHZPMCckQ3ewLegQICRAV\" aria-label=\"Prevedeni tekst: The best combination for those with basic language skills\"><strong><span class=\"Y2IQFc\" lang=\"en\">The best combination for those with basic language skills<\/span><\/strong><\/p>\n<p><span style=\"font-weight: 400;\">Textbook authors:<br \/>\n<\/span><span style=\"color: #ff6600;\"><span style=\"font-weight: 400;\">Nata\u0161a Mili\u0107evi\u0107 Dobromirov<br \/>\nBiljana Novkovi\u0107 Ad\u017eaip<br \/>\nMilica Kri\u010dkovi\u0107<br \/>\nSanja Seka\u010d<\/span><\/span><\/p>\n<h6><i><span style=\"font-weight: 400;\">Azbukum Center, 2022 &#8211; 4th edition<br \/>\nISBN 978-86-900624-2-3<br \/>\n208 pages, full color,<br \/>\n<\/span><\/i><\/h6>\n<p><span style=\"font-weight: 400;\">Online program authors:<br \/>\n<\/span><span style=\"color: #ff6600;\"><span style=\"font-weight: 400;\">AOS Team<\/span><\/span><\/p>\n<p><strong>For maximum progress in learning Serbian at levels A2 and B1<\/strong>, we recommend combining the electronic textbook U\u010dimo srpski 2 and the additional online content that accompanies it.<\/p>\n<p><em>* Access to the electronic textbook and online program lasts for 24 months.<\/em><\/p>\n","protected":false},"featured_media":23910,"template":"","meta":[],"product_brand":[],"product_cat":[113,124,125],"product_tag":[],"class_list":{"0":"post-23821","1":"product","2":"type-product","3":"status-publish","4":"has-post-thumbnail","6":"product_cat-adults","7":"product_cat-a1-level-adults-en","8":"product_cat-a2-level-adults-en","10":"first","11":"instock","12":"sale","13":"shipping-taxable","14":"purchasable","15":"product-type-simple"},"yoast_head":"<!-- This site is optimized with the Yoast SEO plugin v24.9 - https:\/\/yoast.com\/wordpress\/plugins\/seo\/ -->\n<title>U\u010dimo srpski 2 e-book and Online Program - Azbukum4<\/title>\n<meta name=\"description\" content=\"The best combination of programs for learning Serbian for beginners - interactive e-book and a companion online program.\" \/>\n<meta name=\"robots\" content=\"noindex, follow, max-snippet:-1, max-image-preview:large, max-video-preview:-1\" \/>\n<meta property=\"og:locale\" content=\"en_US\" \/>\n<meta property=\"og:type\" content=\"article\" \/>\n<meta property=\"og:title\" content=\"U\u010dimo srpski 2 e-book and Online Program - Azbukum4\" \/>\n<meta property=\"og:description\" content=\"The best combination of programs for learning Serbian for beginners - interactive e-book and a companion online program.\" \/>\n<meta property=\"og:url\" content=\"https:\/\/azbukum4.connections.rs\/en\/product\/ucimo-srpski-2-e-book-and-online-program\/\" \/>\n<meta property=\"og:site_name\" content=\"Azbukum4\" \/>\n<meta property=\"article:modified_time\" content=\"2025-07-15T12:56:36+00:00\" \/>\n<meta property=\"og:image\" content=\"https:\/\/azbukum4.connections.rs\/media\/3-sajt-US2-EBOOKAOS-eng-web.jpg\" \/>\n\t<meta property=\"og:image:width\" content=\"1200\" \/>\n\t<meta property=\"og:image:height\" content=\"1200\" \/>\n\t<meta property=\"og:image:type\" content=\"image\/jpeg\" \/>\n<meta name=\"twitter:card\" content=\"summary_large_image\" \/>\n<meta name=\"twitter:label1\" content=\"Est. reading time\" \/>\n\t<meta name=\"twitter:data1\" content=\"1 minute\" \/>\n<script type=\"application\/ld+json\" class=\"yoast-schema-graph\">{\"@context\":\"https:\/\/schema.org\",\"@graph\":[{\"@type\":\"WebPage\",\"@id\":\"https:\/\/azbukum4.connections.rs\/en\/product\/ucimo-srpski-2-e-book-and-online-program\/\",\"url\":\"https:\/\/azbukum4.connections.rs\/en\/product\/ucimo-srpski-2-e-book-and-online-program\/\",\"name\":\"U\u010dimo srpski 2 e-book and Online Program - Azbukum4\",\"isPartOf\":{\"@id\":\"https:\/\/azbukum4.connections.rs\/en\/#website\"},\"primaryImageOfPage\":{\"@id\":\"https:\/\/azbukum4.connections.rs\/en\/product\/ucimo-srpski-2-e-book-and-online-program\/#primaryimage\"},\"image\":{\"@id\":\"https:\/\/azbukum4.connections.rs\/en\/product\/ucimo-srpski-2-e-book-and-online-program\/#primaryimage\"},\"thumbnailUrl\":\"https:\/\/azbukum4.connections.rs\/media\/3-sajt-US2-EBOOKAOS-eng-web.jpg\",\"datePublished\":\"2025-07-13T07:15:18+00:00\",\"dateModified\":\"2025-07-15T12:56:36+00:00\",\"description\":\"The best combination of programs for learning Serbian for beginners - interactive e-book and a companion online program.\",\"breadcrumb\":{\"@id\":\"https:\/\/azbukum4.connections.rs\/en\/product\/ucimo-srpski-2-e-book-and-online-program\/#breadcrumb\"},\"inLanguage\":\"en-US\",\"potentialAction\":[{\"@type\":\"ReadAction\",\"target\":[\"https:\/\/azbukum4.connections.rs\/en\/product\/ucimo-srpski-2-e-book-and-online-program\/\"]}]},{\"@type\":\"ImageObject\",\"inLanguage\":\"en-US\",\"@id\":\"https:\/\/azbukum4.connections.rs\/en\/product\/ucimo-srpski-2-e-book-and-online-program\/#primaryimage\",\"url\":\"https:\/\/azbukum4.connections.rs\/media\/3-sajt-US2-EBOOKAOS-eng-web.jpg\",\"contentUrl\":\"https:\/\/azbukum4.connections.rs\/media\/3-sajt-US2-EBOOKAOS-eng-web.jpg\",\"width\":1200,\"height\":1200},{\"@type\":\"BreadcrumbList\",\"@id\":\"https:\/\/azbukum4.connections.rs\/en\/product\/ucimo-srpski-2-e-book-and-online-program\/#breadcrumb\",\"itemListElement\":[{\"@type\":\"ListItem\",\"position\":1,\"name\":\"\u041f\u043e\u0447\u0435\u0442\u043d\u0430\",\"item\":\"https:\/\/azbukum4.connections.rs\/en\/\"},{\"@type\":\"ListItem\",\"position\":2,\"name\":\"Shop\",\"item\":\"https:\/\/azbukum4.connections.rs\/prodavnica\/\"},{\"@type\":\"ListItem\",\"position\":3,\"name\":\"U\u010dimo srpski 2 e-book and Online Program\"}]},{\"@type\":\"WebSite\",\"@id\":\"https:\/\/azbukum4.connections.rs\/en\/#website\",\"url\":\"https:\/\/azbukum4.connections.rs\/en\/\",\"name\":\"Azbukum4\",\"description\":\"Azbukum4\",\"potentialAction\":[{\"@type\":\"SearchAction\",\"target\":{\"@type\":\"EntryPoint\",\"urlTemplate\":\"https:\/\/azbukum4.connections.rs\/en\/?s={search_term_string}\"},\"query-input\":{\"@type\":\"PropertyValueSpecification\",\"valueRequired\":true,\"valueName\":\"search_term_string\"}}],\"inLanguage\":\"en-US\"}]}<\/script>\n<!-- \/ Yoast SEO plugin. -->","yoast_head_json":{"title":"U\u010dimo srpski 2 e-book and Online Program - Azbukum4","description":"The best combination of programs for learning Serbian for beginners - interactive e-book and a companion online program.","robots":{"index":"noindex","follow":"follow","max-snippet":"max-snippet:-1","max-image-preview":"max-image-preview:large","max-video-preview":"max-video-preview:-1"},"og_locale":"en_US","og_type":"article","og_title":"U\u010dimo srpski 2 e-book and Online Program - Azbukum4","og_description":"The best combination of programs for learning Serbian for beginners - interactive e-book and a companion online program.","og_url":"https:\/\/azbukum4.connections.rs\/en\/product\/ucimo-srpski-2-e-book-and-online-program\/","og_site_name":"Azbukum4","article_modified_time":"2025-07-15T12:56:36+00:00","og_image":[{"width":1200,"height":1200,"url":"https:\/\/azbukum4.connections.rs\/media\/3-sajt-US2-EBOOKAOS-eng-web.jpg","type":"image\/jpeg"}],"twitter_card":"summary_large_image","twitter_misc":{"Est. reading time":"1 minute"},"schema":{"@context":"https:\/\/schema.org","@graph":[{"@type":"WebPage","@id":"https:\/\/azbukum4.connections.rs\/en\/product\/ucimo-srpski-2-e-book-and-online-program\/","url":"https:\/\/azbukum4.connections.rs\/en\/product\/ucimo-srpski-2-e-book-and-online-program\/","name":"U\u010dimo srpski 2 e-book and Online Program - Azbukum4","isPartOf":{"@id":"https:\/\/azbukum4.connections.rs\/en\/#website"},"primaryImageOfPage":{"@id":"https:\/\/azbukum4.connections.rs\/en\/product\/ucimo-srpski-2-e-book-and-online-program\/#primaryimage"},"image":{"@id":"https:\/\/azbukum4.connections.rs\/en\/product\/ucimo-srpski-2-e-book-and-online-program\/#primaryimage"},"thumbnailUrl":"https:\/\/azbukum4.connections.rs\/media\/3-sajt-US2-EBOOKAOS-eng-web.jpg","datePublished":"2025-07-13T07:15:18+00:00","dateModified":"2025-07-15T12:56:36+00:00","description":"The best combination of programs for learning Serbian for beginners - interactive e-book and a companion online program.","breadcrumb":{"@id":"https:\/\/azbukum4.connections.rs\/en\/product\/ucimo-srpski-2-e-book-and-online-program\/#breadcrumb"},"inLanguage":"en-US","potentialAction":[{"@type":"ReadAction","target":["https:\/\/azbukum4.connections.rs\/en\/product\/ucimo-srpski-2-e-book-and-online-program\/"]}]},{"@type":"ImageObject","inLanguage":"en-US","@id":"https:\/\/azbukum4.connections.rs\/en\/product\/ucimo-srpski-2-e-book-and-online-program\/#primaryimage","url":"https:\/\/azbukum4.connections.rs\/media\/3-sajt-US2-EBOOKAOS-eng-web.jpg","contentUrl":"https:\/\/azbukum4.connections.rs\/media\/3-sajt-US2-EBOOKAOS-eng-web.jpg","width":1200,"height":1200},{"@type":"BreadcrumbList","@id":"https:\/\/azbukum4.connections.rs\/en\/product\/ucimo-srpski-2-e-book-and-online-program\/#breadcrumb","itemListElement":[{"@type":"ListItem","position":1,"name":"Po\u010detna","item":"https:\/\/azbukum4.connections.rs\/en\/"},{"@type":"ListItem","position":2,"name":"Shop","item":"https:\/\/azbukum4.connections.rs\/prodavnica\/"},{"@type":"ListItem","position":3,"name":"U\u010dimo srpski 2 e-book and Online Program"}]},{"@type":"WebSite","@id":"https:\/\/azbukum4.connections.rs\/en\/#website","url":"https:\/\/azbukum4.connections.rs\/en\/","name":"Azbukum4","description":"Azbukum4","potentialAction":[{"@type":"SearchAction","target":{"@type":"EntryPoint","urlTemplate":"https:\/\/azbukum4.connections.rs\/en\/?s={search_term_string}"},"query-input":{"@type":"PropertyValueSpecification","valueRequired":true,"valueName":"search_term_string"}}],"inLanguage":"en-US"}]}},"_links":{"self":[{"href":"https:\/\/azbukum4.connections.rs\/en\/wp-json\/wp\/v2\/product\/23821","targetHints":{"allow":["GET"]}}],"collection":[{"href":"https:\/\/azbukum4.connections.rs\/en\/wp-json\/wp\/v2\/product"}],"about":[{"href":"https:\/\/azbukum4.connections.rs\/en\/wp-json\/wp\/v2\/types\/product"}],"wp:featuredmedia":[{"embeddable":true,"href":"https:\/\/azbukum4.connections.rs\/en\/wp-json\/wp\/v2\/media\/23910"}],"wp:attachment":[{"href":"https:\/\/azbukum4.connections.rs\/en\/wp-json\/wp\/v2\/media?parent=23821"}],"wp:term":[{"taxonomy":"product_brand","embeddable":true,"href":"https:\/\/azbukum4.connections.rs\/en\/wp-json\/wp\/v2\/product_brand?post=23821"},{"taxonomy":"product_cat","embeddable":true,"href":"https:\/\/azbukum4.connections.rs\/en\/wp-json\/wp\/v2\/product_cat?post=23821"},{"taxonomy":"product_tag","embeddable":true,"href":"https:\/\/azbukum4.connections.rs\/en\/wp-json\/wp\/v2\/product_tag?post=23821"}],"curies":[{"name":"wp","href":"https:\/\/api.w.org\/{rel}","templated":true}]}}